{"id":69,"date":"2024-06-15T15:41:13","date_gmt":"2024-06-15T13:41:13","guid":{"rendered":"https:\/\/leshco-ecoledoctorale.com\/?page_id=69"},"modified":"2025-04-29T16:52:16","modified_gmt":"2025-04-29T14:52:16","slug":"archives","status":"publish","type":"page","link":"https:\/\/leshco-ecoledoctorale.com\/index.php\/archives\/","title":{"rendered":"Archives"},"content":{"rendered":"\n<p><mark style=\"background-color:rgba(0, 0, 0, 0)\" class=\"has-inline-color has-ast-global-color-0-color\">&#8220;<strong> La revue papier a \u00e9t\u00e9 cr\u00e9\u00e9e en 2002, elle est \u00e9dit\u00e9e par les Presses Universitaires de Ouagadougou.&nbsp;Elle publie un num\u00e9ro par an avec la possibilit\u00e9 de num\u00e9ros sp\u00e9ciaux. Elle a pour num\u00e9ro ISSN&nbsp;0796-5842.&#8221;<\/strong><\/mark><\/p>\n\n\n\n<ul class=\"wp-block-list\">\n<li>Num\u00e9ro 2024<\/li>\n\n\n\n<li><a href=\"http:\/\/leshco-ecoledoctorale.com\/wp-content\/uploads\/2024\/06\/sommaire-2023.pdf\">Num\u00e9ro 2023<\/a><\/li>\n\n\n\n<li><a href=\"http:\/\/leshco-ecoledoctorale.com\/wp-content\/uploads\/2024\/06\/sommaire-2022.pdf\">Num\u00e9ro 2022<\/a><\/li>\n\n\n\n<li><a href=\"http:\/\/leshco-ecoledoctorale.com\/wp-content\/uploads\/2024\/06\/sommaire-2021.pdf\">Num\u00e9ro 2021<\/a><\/li>\n\n\n\n<li><a href=\"http:\/\/leshco-ecoledoctorale.com\/wp-content\/uploads\/2024\/06\/sommaire_2020.pdf\">Num\u00e9ro 2020<\/a><\/li>\n\n\n\n<li><a href=\"http:\/\/leshco-ecoledoctorale.com\/wp-content\/uploads\/2024\/06\/archive_plus.zip\">plus<\/a><\/li>\n\n\n\n<li><\/li>\n<\/ul>\n\n\n\n<div data-wp-interactive=\"core\/file\" class=\"wp-block-file\"><object data-wp-bind--hidden=\"!state.hasPdfPreview\" hidden class=\"wp-block-file__embed\" data=\"https:\/\/leshco-ecoledoctorale.com\/wp-content\/uploads\/2025\/04\/1-La-trace-et-le-sens.-Version-Revue.-1-3.pdf\" type=\"application\/pdf\" style=\"width:100%;height:600px\" aria-label=\"Embed of 1 La trace et le sens. Version Revue.-1-3.\"><\/object><a id=\"wp-block-file--media-15137168-c270-453e-8f35-a4f0e454d2e2\" href=\"https:\/\/leshco-ecoledoctorale.com\/wp-content\/uploads\/2025\/04\/1-La-trace-et-le-sens.-Version-Revue.-1-3.pdf\">1 La trace et le sens. Version Revue.-1-3<\/a><a href=\"https:\/\/leshco-ecoledoctorale.com\/wp-content\/uploads\/2025\/04\/1-La-trace-et-le-sens.-Version-Revue.-1-3.pdf\" class=\"wp-block-file__button wp-element-button\" download aria-describedby=\"wp-block-file--media-15137168-c270-453e-8f35-a4f0e454d2e2\">Download<\/a><\/div>\n\n\n\n<p>N.B.: Vous trouverez les listes de tous les articles publi\u00e9s entre 2002 et aujourd&#8217;hui sur le site de la Fondation philpapers.org<\/p>\n\n\n\n<p>Voir, \u00e9galement, sur les pages r\u00e9serv\u00e9es aux actualit\u00e9s, le lien sous le titre &#8220;Indexation&#8221;.<\/p>\n","protected":false},"excerpt":{"rendered":"<p>&#8220; La revue papier a \u00e9t\u00e9 cr\u00e9\u00e9e en 2002, elle est \u00e9dit\u00e9e par les Presses Universitaires de Ouagadougou.&nbsp;Elle publie un [&hellip;]<\/p>\n","protected":false},"author":1,"featured_media":0,"parent":0,"menu_order":0,"comment_status":"closed","ping_status":"closed","template":"","meta":{"site-sidebar-layout":"default","site-content-layout":"","ast-site-content-layout":"","site-content-style":"default","site-sidebar-style":"default","ast-global-header-display":"","ast-banner-title-visibility":"","ast-main-header-display":"","ast-hfb-above-header-display":"","ast-hfb-below-header-display":"","ast-hfb-mobile-header-display":"","site-post-title":"","ast-breadcrumbs-content":"","ast-featured-img":"","footer-sml-layout":"","theme-transparent-header-meta":"","adv-header-id-meta":"","stick-header-meta":"","header-above-stick-meta":"","header-main-stick-meta":"","header-below-stick-meta":"","astra-migrate-meta-layouts":"default","ast-page-background-enabled":"default","ast-page-background-meta":{"desktop":{"background-color":"var(--ast-global-color-4)","background-image":"","background-repeat":"repeat","background-position":"center center","background-size":"auto","background-attachment":"scroll","background-type":"","background-media":"","overlay-type":"","overlay-color":"","overlay-opacity":"","overlay-gradient":""},"tablet":{"background-color":"","background-image":"","background-repeat":"repeat","background-position":"center center","background-size":"auto","background-attachment":"scroll","background-type":"","background-media":"","overlay-type":"","overlay-color":"","overlay-opacity":"","overlay-gradient":""},"mobile":{"background-color":"","background-image":"","background-repeat":"repeat","background-position":"center center","background-size":"auto","background-attachment":"scroll","background-type":"","background-media":"","overlay-type":"","overlay-color":"","overlay-opacity":"","overlay-gradient":""}},"ast-content-background-meta":{"desktop":{"background-color":"var(--ast-global-color-5)","background-image":"","background-repeat":"repeat","background-position":"center center","background-size":"auto","background-attachment":"scroll","background-type":"","background-media":"","overlay-type":"","overlay-color":"","overlay-opacity":"","overlay-gradient":""},"tablet":{"background-color":"var(--ast-global-color-5)","background-image":"","background-repeat":"repeat","background-position":"center center","background-size":"auto","background-attachment":"scroll","background-type":"","background-media":"","overlay-type":"","overlay-color":"","overlay-opacity":"","overlay-gradient":""},"mobile":{"background-color":"var(--ast-global-color-5)","background-image":"","background-repeat":"repeat","background-position":"center center","background-size":"auto","background-attachment":"scroll","background-type":"","background-media":"","overlay-type":"","overlay-color":"","overlay-opacity":"","overlay-gradient":""}},"footnotes":""},"class_list":["post-69","page","type-page","status-publish","hentry"],"_links":{"self":[{"href":"https:\/\/leshco-ecoledoctorale.com\/index.php\/wp-json\/wp\/v2\/pages\/69","targetHints":{"allow":["GET"]}}],"collection":[{"href":"https:\/\/leshco-ecoledoctorale.com\/index.php\/wp-json\/wp\/v2\/pages"}],"about":[{"href":"https:\/\/leshco-ecoledoctorale.com\/index.php\/wp-json\/wp\/v2\/types\/page"}],"author":[{"embeddable":true,"href":"https:\/\/leshco-ecoledoctorale.com\/index.php\/wp-json\/wp\/v2\/users\/1"}],"replies":[{"embeddable":true,"href":"https:\/\/leshco-ecoledoctorale.com\/index.php\/wp-json\/wp\/v2\/comments?post=69"}],"version-history":[{"count":7,"href":"https:\/\/leshco-ecoledoctorale.com\/index.php\/wp-json\/wp\/v2\/pages\/69\/revisions"}],"predecessor-version":[{"id":425,"href":"https:\/\/leshco-ecoledoctorale.com\/index.php\/wp-json\/wp\/v2\/pages\/69\/revisions\/425"}],"wp:attachment":[{"href":"https:\/\/leshco-ecoledoctorale.com\/index.php\/wp-json\/wp\/v2\/media?parent=69"}],"curies":[{"name":"wp","href":"https:\/\/api.w.org\/{rel}","templated":true}]}}