{"id":66,"date":"2024-06-15T15:20:49","date_gmt":"2024-06-15T13:20:49","guid":{"rendered":"https:\/\/leshco-ecoledoctorale.com\/?page_id=66"},"modified":"2024-12-09T22:45:17","modified_gmt":"2024-12-09T21:45:17","slug":"procedures-a-suivre","status":"publish","type":"page","link":"https:\/\/leshco-ecoledoctorale.com\/index.php\/procedures-a-suivre\/","title":{"rendered":"Proc\u00e9dures \u00e0 suivre"},"content":{"rendered":"\n<p>La revue publie, pour le moment, un seul num\u00e9ro par an. Les propositions d\u2019articles sont attendues chaque ann\u00e9e jusqu\u2019au 30 septembre, dernier d\u00e9lai. Pour soumettre vos textes, vous pouvez utiliser une des adresses indiqu\u00e9es dans la colonne &#8220;Contact&#8221;. Chaque texte est soumis \u00e0 deux lectures avant d\u2019\u00eatre publi\u00e9. En cas de refus, une justification est donn\u00e9e \u00e0<br>l\u2019auteur.<\/p>\n\n\n\n<p><strong>Orientation<\/strong> :<br>La revue re\u00e7oit des articles strictement philosophiques, soit : des textes d\u2019histoire de la<br>philosophie, des essais libres et concis se rapportant \u00e0 diff\u00e9rents th\u00e8mes ou des r\u00e9flexions sur<br>l\u2019enseignement de la philosophie.<br>Suivant les recommandations du CAMES (Conseil Africain et Malgache pour<br>l\u2019Enseignement Sup\u00e9rieur), il est attendu d\u2019un article qu\u2019il compte au moins une dizaine de<br>pages et comporte des r\u00e9f\u00e9rences bibliographiques.<\/p>\n\n\n\n<p>NB: Les auteurs d&#8217;articles publi\u00e9s peuvent contacter la revue pour demander un tir\u00e9-\u00e0-part  moyennant le paiement de frais.<\/p>\n","protected":false},"excerpt":{"rendered":"<p>La revue publie, pour le moment, un seul num\u00e9ro par an. Les propositions d\u2019articles sont attendues chaque ann\u00e9e jusqu\u2019au 30 [&hellip;]<\/p>\n","protected":false},"author":1,"featured_media":0,"parent":0,"menu_order":0,"comment_status":"closed","ping_status":"closed","template":"","meta":{"site-sidebar-layout":"default","site-content-layout":"","ast-site-content-layout":"","site-content-style":"default","site-sidebar-style":"default","ast-global-header-display":"","ast-banner-title-visibility":"","ast-main-header-display":"","ast-hfb-above-header-display":"","ast-hfb-below-header-display":"","ast-hfb-mobile-header-display":"","site-post-title":"","ast-breadcrumbs-content":"","ast-featured-img":"","footer-sml-layout":"","theme-transparent-header-meta":"","adv-header-id-meta":"","stick-header-meta":"","header-above-stick-meta":"","header-main-stick-meta":"","header-below-stick-meta":"","astra-migrate-meta-layouts":"default","ast-page-background-enabled":"default","ast-page-background-meta":{"desktop":{"background-color":"var(--ast-global-color-4)","background-image":"","background-repeat":"repeat","background-position":"center center","background-size":"auto","background-attachment":"scroll","background-type":"","background-media":"","overlay-type":"","overlay-color":"","overlay-opacity":"","overlay-gradient":""},"tablet":{"background-color":"","background-image":"","background-repeat":"repeat","background-position":"center center","background-size":"auto","background-attachment":"scroll","background-type":"","background-media":"","overlay-type":"","overlay-color":"","overlay-opacity":"","overlay-gradient":""},"mobile":{"background-color":"","background-image":"","background-repeat":"repeat","background-position":"center center","background-size":"auto","background-attachment":"scroll","background-type":"","background-media":"","overlay-type":"","overlay-color":"","overlay-opacity":"","overlay-gradient":""}},"ast-content-background-meta":{"desktop":{"background-color":"var(--ast-global-color-5)","background-image":"","background-repeat":"repeat","background-position":"center center","background-size":"auto","background-attachment":"scroll","background-type":"","background-media":"","overlay-type":"","overlay-color":"","overlay-opacity":"","overlay-gradient":""},"tablet":{"background-color":"var(--ast-global-color-5)","background-image":"","background-repeat":"repeat","background-position":"center center","background-size":"auto","background-attachment":"scroll","background-type":"","background-media":"","overlay-type":"","overlay-color":"","overlay-opacity":"","overlay-gradient":""},"mobile":{"background-color":"var(--ast-global-color-5)","background-image":"","background-repeat":"repeat","background-position":"center center","background-size":"auto","background-attachment":"scroll","background-type":"","background-media":"","overlay-type":"","overlay-color":"","overlay-opacity":"","overlay-gradient":""}},"footnotes":""},"class_list":["post-66","page","type-page","status-publish","hentry"],"_links":{"self":[{"href":"https:\/\/leshco-ecoledoctorale.com\/index.php\/wp-json\/wp\/v2\/pages\/66","targetHints":{"allow":["GET"]}}],"collection":[{"href":"https:\/\/leshco-ecoledoctorale.com\/index.php\/wp-json\/wp\/v2\/pages"}],"about":[{"href":"https:\/\/leshco-ecoledoctorale.com\/index.php\/wp-json\/wp\/v2\/types\/page"}],"author":[{"embeddable":true,"href":"https:\/\/leshco-ecoledoctorale.com\/index.php\/wp-json\/wp\/v2\/users\/1"}],"replies":[{"embeddable":true,"href":"https:\/\/leshco-ecoledoctorale.com\/index.php\/wp-json\/wp\/v2\/comments?post=66"}],"version-history":[{"count":7,"href":"https:\/\/leshco-ecoledoctorale.com\/index.php\/wp-json\/wp\/v2\/pages\/66\/revisions"}],"predecessor-version":[{"id":329,"href":"https:\/\/leshco-ecoledoctorale.com\/index.php\/wp-json\/wp\/v2\/pages\/66\/revisions\/329"}],"wp:attachment":[{"href":"https:\/\/leshco-ecoledoctorale.com\/index.php\/wp-json\/wp\/v2\/media?parent=66"}],"curies":[{"name":"wp","href":"https:\/\/api.w.org\/{rel}","templated":true}]}}