{"id":54,"date":"2024-06-15T15:07:47","date_gmt":"2024-06-15T13:07:47","guid":{"rendered":"https:\/\/leshco-ecoledoctorale.com\/?page_id=54"},"modified":"2024-06-21T15:45:48","modified_gmt":"2024-06-21T13:45:48","slug":"a-propos","status":"publish","type":"page","link":"https:\/\/leshco-ecoledoctorale.com\/index.php\/a-propos\/","title":{"rendered":"A propos"},"content":{"rendered":"\n<p><mark style=\"background-color:rgba(0, 0, 0, 0)\" class=\"has-inline-color has-ast-global-color-0-color\">&#8220;<strong> La revue a \u00e9t\u00e9 cr\u00e9\u00e9e en 2002, elle est \u00e9dit\u00e9e par les Presses Universitaires de Ouagadougou.&nbsp;Elle publie un num\u00e9ro par an avec la possibilit\u00e9 de num\u00e9ros sp\u00e9ciaux. Elle a pour num\u00e9ro ISSN&nbsp;0796-5842.&#8221;<\/strong><\/mark><\/p>\n\n\n\n<p>Bienvenue sur le site du Cahier Philosophique d&#8217;Afrique, une revue papier d\u00e9di\u00e9e \u00e0 la promotion et \u00e0 la diffusion des r\u00e9flexions philosophiques issues de notre riche continent. En tant que Directeur, c&#8217;est avec une grande joie que je vous pr\u00e9sente cet espace de dialogue et de pens\u00e9e critique.<\/p>\n\n\n\n<p>Notre revue se veut un lieu de rencontre pour les intellectuels, les chercheurs et les passionn\u00e9s de philosophie, d\u00e9sireux d&#8217;explorer et de d\u00e9battre des questions essentielles qui traversent nos soci\u00e9t\u00e9s africaines. Le Cahier Philosophique d&#8217;Afrique s&#8217;engage \u00e0 valoriser les perspectives africaines tout en int\u00e9grant les discours philosophiques globaux.<\/p>\n\n\n\n<p>Nous croyons fermement que la philosophie joue un r\u00f4le crucial dans le d\u00e9veloppement des soci\u00e9t\u00e9s, en cultivant la r\u00e9flexion critique, la tol\u00e9rance et la compr\u00e9hension mutuelle. C&#8217;est pourquoi nous nous effor\u00e7ons de publier des travaux de haute qualit\u00e9 acad\u00e9mique, qui interrogent, informent et inspirent.<\/p>\n\n\n\n<p>Je vous invite \u00e0 parcourir nos publications, \u00e0 participer aux discussions et \u00e0 contribuer \u00e0 cette plateforme unique. Ensemble, nous pouvons enrichir le paysage intellectuel africain et mondial.<\/p>\n\n\n\n<p>Merci de votre soutien et de votre engagement.<\/p>\n\n\n\n<p>Avec mes salutations distingu\u00e9es,<br>Directeur de publication du Cahier Philosophique d&#8217;Afrique<\/p>\n","protected":false},"excerpt":{"rendered":"<p>&#8220; La revue a \u00e9t\u00e9 cr\u00e9\u00e9e en 2002, elle est \u00e9dit\u00e9e par les Presses Universitaires de Ouagadougou.&nbsp;Elle publie un num\u00e9ro [&hellip;]<\/p>\n","protected":false},"author":1,"featured_media":0,"parent":0,"menu_order":0,"comment_status":"closed","ping_status":"closed","template":"","meta":{"site-sidebar-layout":"default","site-content-layout":"","ast-site-content-layout":"","site-content-style":"default","site-sidebar-style":"default","ast-global-header-display":"","ast-banner-title-visibility":"","ast-main-header-display":"","ast-hfb-above-header-display":"","ast-hfb-below-header-display":"","ast-hfb-mobile-header-display":"","site-post-title":"","ast-breadcrumbs-content":"","ast-featured-img":"","footer-sml-layout":"","theme-transparent-header-meta":"","adv-header-id-meta":"","stick-header-meta":"","header-above-stick-meta":"","header-main-stick-meta":"","header-below-stick-meta":"","astra-migrate-meta-layouts":"default","ast-page-background-enabled":"default","ast-page-background-meta":{"desktop":{"background-color":"var(--ast-global-color-4)","background-image":"","background-repeat":"repeat","background-position":"center center","background-size":"auto","background-attachment":"scroll","background-type":"","background-media":"","overlay-type":"","overlay-color":"","overlay-opacity":"","overlay-gradient":""},"tablet":{"background-color":"","background-image":"","background-repeat":"repeat","background-position":"center center","background-size":"auto","background-attachment":"scroll","background-type":"","background-media":"","overlay-type":"","overlay-color":"","overlay-opacity":"","overlay-gradient":""},"mobile":{"background-color":"","background-image":"","background-repeat":"repeat","background-position":"center center","background-size":"auto","background-attachment":"scroll","background-type":"","background-media":"","overlay-type":"","overlay-color":"","overlay-opacity":"","overlay-gradient":""}},"ast-content-background-meta":{"desktop":{"background-color":"var(--ast-global-color-5)","background-image":"","background-repeat":"repeat","background-position":"center center","background-size":"auto","background-attachment":"scroll","background-type":"","background-media":"","overlay-type":"","overlay-color":"","overlay-opacity":"","overlay-gradient":""},"tablet":{"background-color":"var(--ast-global-color-5)","background-image":"","background-repeat":"repeat","background-position":"center center","background-size":"auto","background-attachment":"scroll","background-type":"","background-media":"","overlay-type":"","overlay-color":"","overlay-opacity":"","overlay-gradient":""},"mobile":{"background-color":"var(--ast-global-color-5)","background-image":"","background-repeat":"repeat","background-position":"center center","background-size":"auto","background-attachment":"scroll","background-type":"","background-media":"","overlay-type":"","overlay-color":"","overlay-opacity":"","overlay-gradient":""}},"footnotes":""},"class_list":["post-54","page","type-page","status-publish","hentry"],"_links":{"self":[{"href":"https:\/\/leshco-ecoledoctorale.com\/index.php\/wp-json\/wp\/v2\/pages\/54","targetHints":{"allow":["GET"]}}],"collection":[{"href":"https:\/\/leshco-ecoledoctorale.com\/index.php\/wp-json\/wp\/v2\/pages"}],"about":[{"href":"https:\/\/leshco-ecoledoctorale.com\/index.php\/wp-json\/wp\/v2\/types\/page"}],"author":[{"embeddable":true,"href":"https:\/\/leshco-ecoledoctorale.com\/index.php\/wp-json\/wp\/v2\/users\/1"}],"replies":[{"embeddable":true,"href":"https:\/\/leshco-ecoledoctorale.com\/index.php\/wp-json\/wp\/v2\/comments?post=54"}],"version-history":[{"count":7,"href":"https:\/\/leshco-ecoledoctorale.com\/index.php\/wp-json\/wp\/v2\/pages\/54\/revisions"}],"predecessor-version":[{"id":162,"href":"https:\/\/leshco-ecoledoctorale.com\/index.php\/wp-json\/wp\/v2\/pages\/54\/revisions\/162"}],"wp:attachment":[{"href":"https:\/\/leshco-ecoledoctorale.com\/index.php\/wp-json\/wp\/v2\/media?parent=54"}],"curies":[{"name":"wp","href":"https:\/\/api.w.org\/{rel}","templated":true}]}}