{"id":18,"date":"2024-06-13T22:23:34","date_gmt":"2024-06-13T20:23:34","guid":{"rendered":"https:\/\/leshco-ecoledoctorale.com\/?page_id=18"},"modified":"2024-12-09T22:36:55","modified_gmt":"2024-12-09T21:36:55","slug":"accueil","status":"publish","type":"page","link":"https:\/\/leshco-ecoledoctorale.com\/","title":{"rendered":"Accueil"},"content":{"rendered":"\n<div class=\"wp-block-cover alignfull is-light\" style=\"min-height:720px;aspect-ratio:unset;\"><span aria-hidden=\"true\" class=\"wp-block-cover__background has-background-dim-100 has-background-dim has-background-gradient\" style=\"background:linear-gradient(35deg,rgb(6,0,151) 0%,rgb(130,4,255) 73%,rgb(193,15,255) 100%)\"><\/span><div class=\"wp-block-cover__inner-container is-layout-flow wp-block-cover-is-layout-flow\">\n<div class=\"inherit-container-width wp-block-group alignwide is-layout-constrained wp-block-group-is-layout-constrained\">\n<div class=\"wp-block-media-text alignwide has-media-on-the-right is-stacked-on-mobile is-vertically-aligned-center is-image-fill-element\" style=\"grid-template-columns:auto 43%\"><div class=\"wp-block-media-text__content\">\n<h1 class=\"wp-block-heading has-text-align-left has-white-color has-text-color\">Le Cahier Philosophique d&#8217;Afrique<\/h1>\n\n\n\n<p>Revue \u00e0 comit\u00e9 de lecture de l&#8217;espace CAMES pour la promotion de la philosophie en Afrique.<\/p>\n\n\n\n<div class=\"wp-block-buttons is-layout-flex wp-block-buttons-is-layout-flex\">\n<div class=\"wp-block-button\"><a class=\"wp-block-button__link wp-element-button\" href=\"https:\/\/leshco-ecoledoctorale.com\/index.php\/a-propos\/\">En savoir plus<\/a><\/div>\n<\/div>\n<\/div><figure class=\"wp-block-media-text__media\"><img loading=\"lazy\" decoding=\"async\" width=\"1002\" height=\"1024\" src=\"https:\/\/leshco-ecoledoctorale.com\/wp-content\/uploads\/2024\/06\/21-1002x1024.png\" alt=\"\" class=\"wp-image-126 size-full\" style=\"object-position:50% 50%\" srcset=\"https:\/\/leshco-ecoledoctorale.com\/wp-content\/uploads\/2024\/06\/21-1002x1024.png 1002w, https:\/\/leshco-ecoledoctorale.com\/wp-content\/uploads\/2024\/06\/21-294x300.png 294w, https:\/\/leshco-ecoledoctorale.com\/wp-content\/uploads\/2024\/06\/21-768x785.png 768w, https:\/\/leshco-ecoledoctorale.com\/wp-content\/uploads\/2024\/06\/21.png 1333w\" sizes=\"auto, (max-width: 1002px) 100vw, 1002px\" \/><\/figure><\/div>\n<\/div>\n<\/div><\/div>\n\n\n\n<p>Pr Ramatoulaye Mbengue\/Diagne et Pr Mahamad\u00e9 Savadogo lors d&#8217;une soutenance de th\u00e8se \u00e0 Ouagadougou en 2012.<\/p>\n\n\n\n<div class=\"wp-block-group alignfull has-ast-global-color-4-background-color has-background is-layout-constrained wp-container-core-group-is-layout-bb0010f3 wp-block-group-is-layout-constrained\" id=\"reviews\" style=\"padding-top:var(--wp--preset--spacing--20);padding-right:var(--wp--preset--spacing--20);padding-bottom:var(--wp--preset--spacing--20);padding-left:var(--wp--preset--spacing--20)\">\n<figure class=\"wp-block-image size-full\" align=\"center\"><img loading=\"lazy\" decoding=\"async\" width=\"119\" height=\"76\" src=\"http:\/\/leshco-ecoledoctorale.com\/wp-content\/uploads\/2024\/06\/cropped-logo_leshco.png\"  alt=\"\" class=\"wp-image-37\"\/><\/figure>\n\n\n\n<p class=\"has-text-align-center\" style=\"font-size:18px;line-height:1.6\">\u201cBienvenue sur le site du Cahier Philosophique d&#8217;Afrique, une revue d\u00e9di\u00e9e \u00e0 la promotion et \u00e0 la diffusion des r\u00e9flexions philosophiques issues de notre riche continent. En tant que Directeur, c&#8217;est avec une grande joie que je vous pr\u00e9sente cet espace de dialogue et de pens\u00e9e critique.\u201d<\/p>\n\n\n\n<p class=\"has-text-align-center\"><strong>Mahamad\u00e9 Savadogo<\/strong><\/p>\n<\/div>\n\n\n\n<div class=\"wp-block-group alignwide is-layout-constrained wp-container-core-group-is-layout-e3ce9834 wp-block-group-is-layout-constrained\" id=\"services\" style=\"padding-top:31px;padding-bottom:0px\">\n<h2 class=\"wp-block-heading\">Nos derniers num\u00e9ros<\/h2>\n\n\n\n<div class=\"wp-block-columns is-layout-flex wp-container-core-columns-is-layout-60cbf9bb wp-block-columns-is-layout-flex\" style=\"margin-top:50px\">\n<div class=\"wp-block-column is-layout-flow wp-container-core-column-is-layout-6b73ce23 wp-block-column-is-layout-flow\">\n<figure class=\"wp-block-image size-full is-resized\"><img loading=\"lazy\" decoding=\"async\" width=\"1414\" height=\"2000\" src=\"https:\/\/leshco-ecoledoctorale.com\/wp-content\/uploads\/2024\/06\/1-2.png\" alt=\"\" class=\"wp-image-128\" style=\"width:315px;height:auto\" srcset=\"https:\/\/leshco-ecoledoctorale.com\/wp-content\/uploads\/2024\/06\/1-2.png 1414w, https:\/\/leshco-ecoledoctorale.com\/wp-content\/uploads\/2024\/06\/1-2-212x300.png 212w, https:\/\/leshco-ecoledoctorale.com\/wp-content\/uploads\/2024\/06\/1-2-724x1024.png 724w, https:\/\/leshco-ecoledoctorale.com\/wp-content\/uploads\/2024\/06\/1-2-768x1086.png 768w, https:\/\/leshco-ecoledoctorale.com\/wp-content\/uploads\/2024\/06\/1-2-1086x1536.png 1086w\" sizes=\"auto, (max-width: 1414px) 100vw, 1414px\" \/><\/figure>\n\n\n\n<h3 class=\"wp-block-heading\" style=\"margin-top:16px\">Num\u00e9ro 2023<\/h3>\n\n\n\n<div class=\"wp-block-buttons is-layout-flex wp-block-buttons-is-layout-flex\">\n<div class=\"wp-block-button\"><a class=\"wp-block-button__link wp-element-button\" href=\"http:\/\/leshco-ecoledoctorale.com\/wp-content\/uploads\/2024\/06\/sommaire-2023.pdf\">\n        <i class=\"fa fa-download\"><\/i> Sommaire\n    <\/a><\/div>\n<\/div>\n<\/div>\n\n\n\n<div class=\"wp-block-column is-layout-flow wp-container-core-column-is-layout-6b73ce23 wp-block-column-is-layout-flow\">\n<figure class=\"wp-block-image size-full is-resized\"><img loading=\"lazy\" decoding=\"async\" width=\"1414\" height=\"2000\" src=\"https:\/\/leshco-ecoledoctorale.com\/wp-content\/uploads\/2024\/06\/2-2.png\" alt=\"\" class=\"wp-image-129\" style=\"width:315px;height:auto\" srcset=\"https:\/\/leshco-ecoledoctorale.com\/wp-content\/uploads\/2024\/06\/2-2.png 1414w, https:\/\/leshco-ecoledoctorale.com\/wp-content\/uploads\/2024\/06\/2-2-212x300.png 212w, https:\/\/leshco-ecoledoctorale.com\/wp-content\/uploads\/2024\/06\/2-2-724x1024.png 724w, https:\/\/leshco-ecoledoctorale.com\/wp-content\/uploads\/2024\/06\/2-2-768x1086.png 768w, https:\/\/leshco-ecoledoctorale.com\/wp-content\/uploads\/2024\/06\/2-2-1086x1536.png 1086w\" sizes=\"auto, (max-width: 1414px) 100vw, 1414px\" \/><\/figure>\n\n\n\n<h3 class=\"wp-block-heading\" style=\"margin-top:16px\">Num\u00e9ro 2022<\/h3>\n\n\n\n<div class=\"wp-block-buttons is-layout-flex wp-block-buttons-is-layout-flex\">\n<div class=\"wp-block-button\"><a class=\"wp-block-button__link wp-element-button\" href=\"http:\/\/leshco-ecoledoctorale.com\/wp-content\/uploads\/2024\/06\/sommaire-2022.pdf\">\n        <i class=\"fa fa-download\"><\/i> Sommaire\n    <\/a><\/div>\n<\/div>\n<\/div>\n\n\n\n<div class=\"wp-block-column is-layout-flow wp-container-core-column-is-layout-6b73ce23 wp-block-column-is-layout-flow\">\n<figure class=\"wp-block-image size-full is-resized\"><img loading=\"lazy\" decoding=\"async\" width=\"1414\" height=\"2000\" src=\"https:\/\/leshco-ecoledoctorale.com\/wp-content\/uploads\/2024\/06\/3-1.png\" alt=\"\" class=\"wp-image-130\" style=\"width:315px;height:auto\" srcset=\"https:\/\/leshco-ecoledoctorale.com\/wp-content\/uploads\/2024\/06\/3-1.png 1414w, https:\/\/leshco-ecoledoctorale.com\/wp-content\/uploads\/2024\/06\/3-1-212x300.png 212w, https:\/\/leshco-ecoledoctorale.com\/wp-content\/uploads\/2024\/06\/3-1-724x1024.png 724w, https:\/\/leshco-ecoledoctorale.com\/wp-content\/uploads\/2024\/06\/3-1-768x1086.png 768w, https:\/\/leshco-ecoledoctorale.com\/wp-content\/uploads\/2024\/06\/3-1-1086x1536.png 1086w\" sizes=\"auto, (max-width: 1414px) 100vw, 1414px\" \/><\/figure>\n\n\n\n<h3 class=\"wp-block-heading\" style=\"margin-top:16px\">Num\u00e9ro 2021<\/h3>\n\n\n\n<div class=\"wp-block-buttons is-layout-flex wp-block-buttons-is-layout-flex\">\n<div class=\"wp-block-button\"><a class=\"wp-block-button__link wp-element-button\" href=\"http:\/\/leshco-ecoledoctorale.com\/wp-content\/uploads\/2024\/06\/sommaire-2021.pdf\">\n        <i class=\"fa fa-download\"><\/i> Sommaire\n    <\/a><\/div>\n<\/div>\n<\/div>\n<\/div>\n<\/div>\n\n\n\n<div class=\"wp-block-group alignfull has-ast-global-color-5-background-color has-background is-layout-constrained wp-container-core-group-is-layout-0f02977f wp-block-group-is-layout-constrained\" id=\"about\" style=\"padding-top:35px;padding-bottom:38px\">\n<div class=\"wp-block-media-text has-media-on-the-right is-stacked-on-mobile is-vertically-aligned-center is-image-fill-element\" style=\"grid-template-columns:auto 34%\"><div class=\"wp-block-media-text__content\">\n<div class=\"inherit-container-width wp-block-group is-layout-constrained wp-container-core-group-is-layout-47ce07ec wp-block-group-is-layout-constrained\" style=\"padding-right:80px\">\n<h2 class=\"wp-block-heading\" style=\"padding-right:40px\">Proc\u00e9dures \u00e0 suivre pour la soumission de vos papiers<\/h2>\n\n\n\n<p class=\"has-text-align-left\">La revue publie pour le moment un seul num\u00e9ro par an. Les propositions d\u2019articles sont attendues chaque ann\u00e9e jusqu\u2019au 30 septembre, dernier d\u00e9lai. Chaque texte est soumis \u00e0 deux lectures avant d\u2019\u00eatre publi\u00e9. En cas de refus, une justification est donn\u00e9e \u00e0<br>l\u2019auteur.<\/p>\n<\/div>\n<\/div><figure class=\"wp-block-media-text__media\"><img loading=\"lazy\" decoding=\"async\" width=\"682\" height=\"1024\" src=\"https:\/\/leshco-ecoledoctorale.com\/wp-content\/uploads\/2024\/06\/1-1-682x1024.png\" alt=\"\" class=\"wp-image-127 size-full\" style=\"object-position:50% 50%\" srcset=\"https:\/\/leshco-ecoledoctorale.com\/wp-content\/uploads\/2024\/06\/1-1-682x1024.png 682w, https:\/\/leshco-ecoledoctorale.com\/wp-content\/uploads\/2024\/06\/1-1-200x300.png 200w, https:\/\/leshco-ecoledoctorale.com\/wp-content\/uploads\/2024\/06\/1-1-768x1152.png 768w, https:\/\/leshco-ecoledoctorale.com\/wp-content\/uploads\/2024\/06\/1-1-1024x1536.png 1024w, https:\/\/leshco-ecoledoctorale.com\/wp-content\/uploads\/2024\/06\/1-1.png 1333w\" sizes=\"auto, (max-width: 682px) 100vw, 682px\" \/><\/figure><\/div>\n<\/div>\n","protected":false},"excerpt":{"rendered":"<p>Pr Ramatoulaye Mbengue\/Diagne et Pr Mahamad\u00e9 Savadogo lors d&#8217;une soutenance de th\u00e8se \u00e0 Ouagadougou en 2012. \u201cBienvenue sur le site [&hellip;]<\/p>\n","protected":false},"author":1,"featured_media":0,"parent":0,"menu_order":0,"comment_status":"closed","ping_status":"closed","template":"","meta":{"site-sidebar-layout":"no-sidebar","site-content-layout":"plain-container","ast-site-content-layout":"","site-content-style":"default","site-sidebar-style":"default","ast-global-header-display":"","ast-banner-title-visibility":"","ast-main-header-display":"","ast-hfb-above-header-display":"","ast-hfb-below-header-display":"","ast-hfb-mobile-header-display":"","site-post-title":"disabled","ast-breadcrumbs-content":"","ast-featured-img":"","footer-sml-layout":"","theme-transparent-header-meta":"enabled","adv-header-id-meta":"","stick-header-meta":"","header-above-stick-meta":"","header-main-stick-meta":"","header-below-stick-meta":"","astra-migrate-meta-layouts":"default","ast-page-background-enabled":"default","ast-page-background-meta":{"desktop":{"background-color":"var(--ast-global-color-4)","background-image":"","background-repeat":"repeat","background-position":"center center","background-size":"auto","background-attachment":"scroll","background-type":"","background-media":"","overlay-type":"","overlay-color":"","overlay-opacity":"","overlay-gradient":""},"tablet":{"background-color":"","background-image":"","background-repeat":"repeat","background-position":"center center","background-size":"auto","background-attachment":"scroll","background-type":"","background-media":"","overlay-type":"","overlay-color":"","overlay-opacity":"","overlay-gradient":""},"mobile":{"background-color":"","background-image":"","background-repeat":"repeat","background-position":"center center","background-size":"auto","background-attachment":"scroll","background-type":"","background-media":"","overlay-type":"","overlay-color":"","overlay-opacity":"","overlay-gradient":""}},"ast-content-background-meta":{"desktop":{"background-color":"var(--ast-global-color-5)","background-image":"","background-repeat":"repeat","background-position":"center center","background-size":"auto","background-attachment":"scroll","background-type":"","background-media":"","overlay-type":"","overlay-color":"","overlay-opacity":"","overlay-gradient":""},"tablet":{"background-color":"var(--ast-global-color-5)","background-image":"","background-repeat":"repeat","background-position":"center center","background-size":"auto","background-attachment":"scroll","background-type":"","background-media":"","overlay-type":"","overlay-color":"","overlay-opacity":"","overlay-gradient":""},"mobile":{"background-color":"var(--ast-global-color-5)","background-image":"","background-repeat":"repeat","background-position":"center center","background-size":"auto","background-attachment":"scroll","background-type":"","background-media":"","overlay-type":"","overlay-color":"","overlay-opacity":"","overlay-gradient":""}},"footnotes":""},"class_list":["post-18","page","type-page","status-publish","hentry"],"_links":{"self":[{"href":"https:\/\/leshco-ecoledoctorale.com\/index.php\/wp-json\/wp\/v2\/pages\/18","targetHints":{"allow":["GET"]}}],"collection":[{"href":"https:\/\/leshco-ecoledoctorale.com\/index.php\/wp-json\/wp\/v2\/pages"}],"about":[{"href":"https:\/\/leshco-ecoledoctorale.com\/index.php\/wp-json\/wp\/v2\/types\/page"}],"author":[{"embeddable":true,"href":"https:\/\/leshco-ecoledoctorale.com\/index.php\/wp-json\/wp\/v2\/users\/1"}],"replies":[{"embeddable":true,"href":"https:\/\/leshco-ecoledoctorale.com\/index.php\/wp-json\/wp\/v2\/comments?post=18"}],"version-history":[{"count":34,"href":"https:\/\/leshco-ecoledoctorale.com\/index.php\/wp-json\/wp\/v2\/pages\/18\/revisions"}],"predecessor-version":[{"id":327,"href":"https:\/\/leshco-ecoledoctorale.com\/index.php\/wp-json\/wp\/v2\/pages\/18\/revisions\/327"}],"wp:attachment":[{"href":"https:\/\/leshco-ecoledoctorale.com\/index.php\/wp-json\/wp\/v2\/media?parent=18"}],"curies":[{"name":"wp","href":"https:\/\/api.w.org\/{rel}","templated":true}]}}