{"id":156,"date":"2024-06-21T15:33:07","date_gmt":"2024-06-21T13:33:07","guid":{"rendered":"https:\/\/leshco-ecoledoctorale.com\/?page_id=156"},"modified":"2024-07-23T19:53:28","modified_gmt":"2024-07-23T17:53:28","slug":"contact","status":"publish","type":"page","link":"https:\/\/leshco-ecoledoctorale.com\/index.php\/contact\/","title":{"rendered":"Contact"},"content":{"rendered":"\n<p>Directeur de publication\u00a0: Mahamad\u00e9 Savadogo, Professeur Titulaire, Universit\u00e9 Joseph KI-ZERBO, <em><strong>contact@leshco-ecoledoctorale.com <\/strong><\/em><br>Responsable de la version \u00e9lectronique\u00a0: Rodrigue W Sawadogo, Ma\u00eetre de conf\u00e9rences, Universit\u00e9 Norbert ZONGO, <strong><em>radrigue.sawadogo@leshco-ecoledoctorale.com <\/em><\/strong><br>Responsable de la diffusion: Souleymane Sawadogo, Ma\u00eetre assistant, Universit\u00e9 Joseph KI-ZERBO<\/p>\n","protected":false},"excerpt":{"rendered":"<p>Directeur de publication\u00a0: Mahamad\u00e9 Savadogo, Professeur Titulaire, Universit\u00e9 Joseph KI-ZERBO, contact@leshco-ecoledoctorale.com Responsable de la version \u00e9lectronique\u00a0: Rodrigue W Sawadogo, Ma\u00eetre [&hellip;]<\/p>\n","protected":false},"author":1,"featured_media":0,"parent":0,"menu_order":0,"comment_status":"closed","ping_status":"closed","template":"","meta":{"site-sidebar-layout":"default","site-content-layout":"","ast-site-content-layout":"","site-content-style":"default","site-sidebar-style":"default","ast-global-header-display":"","ast-banner-title-visibility":"","ast-main-header-display":"","ast-hfb-above-header-display":"","ast-hfb-below-header-display":"","ast-hfb-mobile-header-display":"","site-post-title":"","ast-breadcrumbs-content":"","ast-featured-img":"","footer-sml-layout":"","theme-transparent-header-meta":"","adv-header-id-meta":"","stick-header-meta":"","header-above-stick-meta":"","header-main-stick-meta":"","header-below-stick-meta":"","astra-migrate-meta-layouts":"default","ast-page-background-enabled":"default","ast-page-background-meta":{"desktop":{"background-color":"var(--ast-global-color-4)","background-image":"","background-repeat":"repeat","background-position":"center center","background-size":"auto","background-attachment":"scroll","background-type":"","background-media":"","overlay-type":"","overlay-color":"","overlay-opacity":"","overlay-gradient":""},"tablet":{"background-color":"","background-image":"","background-repeat":"repeat","background-position":"center center","background-size":"auto","background-attachment":"scroll","background-type":"","background-media":"","overlay-type":"","overlay-color":"","overlay-opacity":"","overlay-gradient":""},"mobile":{"background-color":"","background-image":"","background-repeat":"repeat","background-position":"center center","background-size":"auto","background-attachment":"scroll","background-type":"","background-media":"","overlay-type":"","overlay-color":"","overlay-opacity":"","overlay-gradient":""}},"ast-content-background-meta":{"desktop":{"background-color":"var(--ast-global-color-5)","background-image":"","background-repeat":"repeat","background-position":"center center","background-size":"auto","background-attachment":"scroll","background-type":"","background-media":"","overlay-type":"","overlay-color":"","overlay-opacity":"","overlay-gradient":""},"tablet":{"background-color":"var(--ast-global-color-5)","background-image":"","background-repeat":"repeat","background-position":"center center","background-size":"auto","background-attachment":"scroll","background-type":"","background-media":"","overlay-type":"","overlay-color":"","overlay-opacity":"","overlay-gradient":""},"mobile":{"background-color":"var(--ast-global-color-5)","background-image":"","background-repeat":"repeat","background-position":"center center","background-size":"auto","background-attachment":"scroll","background-type":"","background-media":"","overlay-type":"","overlay-color":"","overlay-opacity":"","overlay-gradient":""}},"footnotes":""},"class_list":["post-156","page","type-page","status-publish","hentry"],"_links":{"self":[{"href":"https:\/\/leshco-ecoledoctorale.com\/index.php\/wp-json\/wp\/v2\/pages\/156","targetHints":{"allow":["GET"]}}],"collection":[{"href":"https:\/\/leshco-ecoledoctorale.com\/index.php\/wp-json\/wp\/v2\/pages"}],"about":[{"href":"https:\/\/leshco-ecoledoctorale.com\/index.php\/wp-json\/wp\/v2\/types\/page"}],"author":[{"embeddable":true,"href":"https:\/\/leshco-ecoledoctorale.com\/index.php\/wp-json\/wp\/v2\/users\/1"}],"replies":[{"embeddable":true,"href":"https:\/\/leshco-ecoledoctorale.com\/index.php\/wp-json\/wp\/v2\/comments?post=156"}],"version-history":[{"count":5,"href":"https:\/\/leshco-ecoledoctorale.com\/index.php\/wp-json\/wp\/v2\/pages\/156\/revisions"}],"predecessor-version":[{"id":173,"href":"https:\/\/leshco-ecoledoctorale.com\/index.php\/wp-json\/wp\/v2\/pages\/156\/revisions\/173"}],"wp:attachment":[{"href":"https:\/\/leshco-ecoledoctorale.com\/index.php\/wp-json\/wp\/v2\/media?parent=156"}],"curies":[{"name":"wp","href":"https:\/\/api.w.org\/{rel}","templated":true}]}}